{"id":98,"date":"2020-05-06T18:00:28","date_gmt":"2020-05-06T16:00:28","guid":{"rendered":"https:\/\/wettich-hauser.de\/?page_id=98"},"modified":"2023-07-31T19:45:46","modified_gmt":"2023-07-31T17:45:46","slug":"qualitaetssicherung","status":"publish","type":"page","link":"https:\/\/wettich-hauser.de\/index.php\/qualitaetssicherung\/","title":{"rendered":"Qualit\u00e4tssicherung"},"content":{"rendered":"\n<div class=\"wp-block-image\"><figure class=\"alignright size-large is-resized\"><img loading=\"lazy\" decoding=\"async\" src=\"https:\/\/wettich-hauser.de\/wp-content\/uploads\/2020\/05\/2019MeineArbeit-scaled-e1588776928631.jpg\" alt=\"\" class=\"wp-image-55\" width=\"350\" height=\"233\"\/><\/figure><\/div>\n\n\n\n<p>Ich sichere meine Arbeit durch stete Eigenreflexion, kollegiale Beratung und Intervision.<\/p>\n\n\n\n<p>Dazu geh\u00f6rt unbedingt eine Evaluation jedes Auftrages, jeder Lehrveranstaltung, jedes Projektes:<\/p>\n\n\n\n<p><a href=\"https:\/\/wettich-hauser.de\/index.php\/qualitaetssicherung\/referenzen-2022\/\" data-type=\"page\" data-id=\"269\">Textbeispiele aus den Evaluationen in 2022<\/a><\/p>\n\n\n\n<p>Meine Kursprogramme lasse ich themenabh\u00e4ngig zertifizieren.<\/p>\n\n\n\n<p>Ich nehme selbst regelm\u00e4\u00dfig an Fortbildungen teil und halte meine <a href=\"https:\/\/wettich-hauser.de\/index.php\/ueber-mich\/ausbildung\/#\">Qualifikationen<\/a> aktuell.<\/p>\n\n\n\n<p>Waren Sie schon Teilnehmer\/in an einer meiner Supervisionen oder einem Coaching? Dann freue ich mich sehr \u00fcber einen wohlwollenden Eintrag auf meiner <a href=\"https:\/\/coaches.xing.com\/profile\/Katharina_WettichHauser\/customer_references\" target=\"_blank\" rel=\"noreferrer noopener\">Xing-Coaching &amp; Beratung-Seite<\/a><\/p>\n","protected":false},"excerpt":{"rendered":"<p>Ich sichere meine Arbeit durch stete Eigenreflexion, kollegiale Beratung und Intervision. Dazu geh\u00f6rt unbedingt eine Evaluation jedes Auftrages, jeder Lehrveranstaltung, jedes Projektes: Textbeispiele aus den Evaluationen in 2022 Meine Kursprogramme lasse ich themenabh\u00e4ngig zertifizieren. Ich nehme selbst regelm\u00e4\u00dfig an Fortbildungen teil und halte meine Qualifikationen aktuell. Waren Sie schon Teilnehmer\/in an einer meiner Supervisionen oder [&hellip;]<\/p>\n","protected":false},"author":2,"featured_media":0,"parent":0,"menu_order":0,"comment_status":"closed","ping_status":"closed","template":"","meta":{"footnotes":""},"class_list":["post-98","page","type-page","status-publish","hentry"],"_links":{"self":[{"href":"https:\/\/wettich-hauser.de\/index.php\/wp-json\/wp\/v2\/pages\/98","targetHints":{"allow":["GET"]}}],"collection":[{"href":"https:\/\/wettich-hauser.de\/index.php\/wp-json\/wp\/v2\/pages"}],"about":[{"href":"https:\/\/wettich-hauser.de\/index.php\/wp-json\/wp\/v2\/types\/page"}],"author":[{"embeddable":true,"href":"https:\/\/wettich-hauser.de\/index.php\/wp-json\/wp\/v2\/users\/2"}],"replies":[{"embeddable":true,"href":"https:\/\/wettich-hauser.de\/index.php\/wp-json\/wp\/v2\/comments?post=98"}],"version-history":[{"count":13,"href":"https:\/\/wettich-hauser.de\/index.php\/wp-json\/wp\/v2\/pages\/98\/revisions"}],"predecessor-version":[{"id":275,"href":"https:\/\/wettich-hauser.de\/index.php\/wp-json\/wp\/v2\/pages\/98\/revisions\/275"}],"wp:attachment":[{"href":"https:\/\/wettich-hauser.de\/index.php\/wp-json\/wp\/v2\/media?parent=98"}],"curies":[{"name":"wp","href":"https:\/\/api.w.org\/{rel}","templated":true}]}}