{"id":84,"date":"2020-05-06T17:57:58","date_gmt":"2020-05-06T15:57:58","guid":{"rendered":"https:\/\/wettich-hauser.de\/?page_id=84"},"modified":"2023-07-31T20:33:20","modified_gmt":"2023-07-31T18:33:20","slug":"beratung","status":"publish","type":"page","link":"https:\/\/wettich-hauser.de\/index.php\/leistungen\/beratung\/","title":{"rendered":"Coaching"},"content":{"rendered":"\n<div class=\"wp-block-image\"><figure class=\"alignright size-large is-resized\"><img loading=\"lazy\" decoding=\"async\" src=\"https:\/\/wettich-hauser.de\/wp-content\/uploads\/2020\/05\/2019OrganisationsB-1024x683.jpg\" alt=\"\" class=\"wp-image-56\" width=\"350\" height=\"234\" srcset=\"https:\/\/wettich-hauser.de\/wp-content\/uploads\/2020\/05\/2019OrganisationsB-1024x683.jpg 1024w, https:\/\/wettich-hauser.de\/wp-content\/uploads\/2020\/05\/2019OrganisationsB-300x200.jpg 300w, https:\/\/wettich-hauser.de\/wp-content\/uploads\/2020\/05\/2019OrganisationsB-768x512.jpg 768w, https:\/\/wettich-hauser.de\/wp-content\/uploads\/2020\/05\/2019OrganisationsB-1536x1024.jpg 1536w, https:\/\/wettich-hauser.de\/wp-content\/uploads\/2020\/05\/2019OrganisationsB-2048x1365.jpg 2048w\" sizes=\"auto, (max-width: 350px) 100vw, 350px\" \/><\/figure><\/div>\n\n\n\n<blockquote class=\"wp-block-quote is-layout-flow wp-block-quote-is-layout-flow\"><p><em>Die Zukunft kann man am besten voraussagen, wenn man sie selbst gestaltet. Alan Kay<\/em><\/p><\/blockquote>\n\n\n\n<p>Coaching ist ein individueller, vertraulicher und professioneller Beratungsprozess zu Fragen aus dem beruflichen Kontext rund um die Themen: F\u00fchrung, Ver\u00e4nderungsprozesse, Konflikte, Fragen zu Zeitmanagement oder der pers\u00f6nlichen Karriereplanung etc.<\/p>\n\n\n\n<p>Auf Augenh\u00f6he mit mir als Ihrem Coach und Prozessexpertin reflektieren Sie Ihre eigene Rolle und entwickeln neue Handlungsm\u00f6glichkeiten f\u00fcr die Anforderungen Ihres Arbeitsalltags im Einzelsetting.<\/p>\n\n\n\n<p>Das Kollegiale Coaching bietet ein Forum, das zum Austausch unter Peers, zur Supervision f\u00fcr Szenarien aus dem Arbeitsalltag und zur Entwicklung von L\u00f6sungs- und Handlungsstrategien f\u00fcr berufliche Schl\u00fcsselfragen dient.<\/p>\n\n\n\n<p>Es ist ausdr\u00fccklich erw\u00fcnscht, dass Sie Beispiele aus ihrer Praxis mitbringen. Sie werden durch mein Coaching eine h\u00f6here Arbeitszufriedenheit erlangen.<\/p>\n\n\n\n<p>Die Zusammenarbeit mit Kollegen, Kunden, Vorgesetzten wird weniger anstrengend.<\/p>\n\n\n\n<p>Sie werden sicherer und kompetenter in Ihrer beruflichen Rolle.<\/p>\n\n\n\n<p>Sie k\u00f6nnen mit r\u00e4umlichem und zeitlichem Abstand die Herausforderungen und Wendepunkte Ihres beruflichen Lebens reflektieren und neu ausrichten.<\/p>\n\n\n\n<p class=\"has-text-align-center\">Halten Sie es mit Kant:<\/p>\n\n\n\n<p class=\"has-text-align-center\"><em>Drei Dinge helfen, die M\u00fchseligkeiten des Lebens zu tragen:<\/em><\/p>\n\n\n\n<p class=\"has-text-align-center\"><em>Die Hoffnung, der Schlaf und das Lachen.<\/em><\/p>\n\n\n\n<p>Warum ist jetzt der richtige Zeitpunkt f\u00fcr unsere Zusammenarbeit?<\/p>\n\n\n\n<p>Herzlichen Gl\u00fcckwunsch!<\/p>\n\n\n\n<p>Sie haben schon bis hierher die Homepage gelesen!<\/p>\n\n\n\n<p>Sie wollen etwas \u00e4ndern!<\/p>\n\n\n\n<p>Sie wollen: professioneller werden und ins Tun kommen. Sie wollen von meinen Tipps und Tricks aus meiner langj\u00e4hrigen F\u00fchrungs- und Coaching-Erfahrung profitieren! Der Zeitpunkt ist g\u00fcnstig und n\u00f6tig:<\/p>\n\n\n\n<p>Drei Jahre Pandemie haben vieles ver\u00e4ndert. Die Arbeitswelt ist nicht mehr dieselbe und wird auch nicht mehr so sein, wie vor der Pandemie. Themen wie Digitalisierung, New Work, Nachhaltigkeit werden weiter beschleunigt.<\/p>\n\n\n\n<p>Sie sind weit \u00fcber Ihren Grenzen angelangt.<\/p>\n\n\n\n<p>Alle Reserven sind aufgebraucht!<\/p>\n\n\n\n<p>Fragen Sie nach einem <a rel=\"noreferrer noopener\" href=\"https:\/\/wettich-hauser.de\/index.php\/kontakt\/\" target=\"_blank\">unverbindlichen Vorgespr\u00e4ch<\/a>!<\/p>\n","protected":false},"excerpt":{"rendered":"<p>Die Zukunft kann man am besten voraussagen, wenn man sie selbst gestaltet. Alan Kay Coaching ist ein individueller, vertraulicher und professioneller Beratungsprozess zu Fragen aus dem beruflichen Kontext rund um die Themen: F\u00fchrung, Ver\u00e4nderungsprozesse, Konflikte, Fragen zu Zeitmanagement oder der pers\u00f6nlichen Karriereplanung etc. Auf Augenh\u00f6he mit mir als Ihrem Coach und Prozessexpertin reflektieren Sie Ihre [&hellip;]<\/p>\n","protected":false},"author":2,"featured_media":0,"parent":39,"menu_order":0,"comment_status":"closed","ping_status":"closed","template":"","meta":{"footnotes":""},"class_list":["post-84","page","type-page","status-publish","hentry"],"_links":{"self":[{"href":"https:\/\/wettich-hauser.de\/index.php\/wp-json\/wp\/v2\/pages\/84","targetHints":{"allow":["GET"]}}],"collection":[{"href":"https:\/\/wettich-hauser.de\/index.php\/wp-json\/wp\/v2\/pages"}],"about":[{"href":"https:\/\/wettich-hauser.de\/index.php\/wp-json\/wp\/v2\/types\/page"}],"author":[{"embeddable":true,"href":"https:\/\/wettich-hauser.de\/index.php\/wp-json\/wp\/v2\/users\/2"}],"replies":[{"embeddable":true,"href":"https:\/\/wettich-hauser.de\/index.php\/wp-json\/wp\/v2\/comments?post=84"}],"version-history":[{"count":9,"href":"https:\/\/wettich-hauser.de\/index.php\/wp-json\/wp\/v2\/pages\/84\/revisions"}],"predecessor-version":[{"id":277,"href":"https:\/\/wettich-hauser.de\/index.php\/wp-json\/wp\/v2\/pages\/84\/revisions\/277"}],"up":[{"embeddable":true,"href":"https:\/\/wettich-hauser.de\/index.php\/wp-json\/wp\/v2\/pages\/39"}],"wp:attachment":[{"href":"https:\/\/wettich-hauser.de\/index.php\/wp-json\/wp\/v2\/media?parent=84"}],"curies":[{"name":"wp","href":"https:\/\/api.w.org\/{rel}","templated":true}]}}