{"id":75,"date":"2020-05-06T17:58:15","date_gmt":"2020-05-06T15:58:15","guid":{"rendered":"https:\/\/wettich-hauser.de\/?page_id=75"},"modified":"2023-10-31T19:56:35","modified_gmt":"2023-10-31T18:56:35","slug":"dozentin","status":"publish","type":"page","link":"https:\/\/wettich-hauser.de\/index.php\/leistungen\/dozentin\/","title":{"rendered":"Seminare"},"content":{"rendered":"\n<div class=\"wp-block-image\"><figure class=\"alignright size-large is-resized\"><img loading=\"lazy\" decoding=\"async\" src=\"https:\/\/wettich-hauser.de\/wp-content\/uploads\/2020\/05\/2019Uebermich-e1588776665967.jpg\" alt=\"\" class=\"wp-image-48\" width=\"350\" height=\"527\"\/><\/figure><\/div>\n\n\n\n<p>Sowohl im Einzel-Coaching als auch in Gruppen Settings tauchen immer wieder Themen auf, die einen Input an Wissen, Konzepten und Methoden erfordern. <br>Manchmal ist es nur ein Auffrischen von fr\u00fcher mal Gelerntem. <br>Manchmal neue moderne Sichtweisen, Kompetenzen und Konzepte. <br>Zielgerichtet, methodisch angemessen und abwechslungsreich gestalte ich diese Inputs f\u00fcr Sie und Ihre Mitarbeiter. Mal spontan, mal geplant und auf Ihren konkreten Wunsch!<\/p>\n\n\n\n<p>Beispiele k\u00f6nnen sein:<\/p>\n\n\n\n<ul class=\"wp-block-list\"><li>Selbstpflegekompetenz<\/li><li>Professioneller Umgang mit Ver\u00e4nderungsprozessen<\/li><li>Souver\u00e4n in der Arbeitsumgebung<\/li><li>F\u00fchrungs- und Managementkompetenz<\/li><li>L\u00f6sungsorientierte Kommunikation<\/li><li><a href=\"https:\/\/wettich-hauser.de\/wp-content\/uploads\/2023\/10\/Flyer-orange-PA-mit-Inlayer.pdf\" data-type=\"URL\" data-id=\"https:\/\/wettich-hauser.de\/wp-content\/uploads\/2023\/10\/Flyer-orange-PA-mit-Inlayer.pdf\" target=\"_blank\" rel=\"noreferrer noopener\">Berufsp\u00e4dagogische Pflichtfortbildungen<\/a> (\u00a7 4 Abs.3 PflAPrV) f\u00fcr Praxisanleiter\/innen<\/li><\/ul>\n\n\n\n<p><br>Mit Empathie, Leidenschaft, Kreativit\u00e4t und nat\u00fcrlich einem hohen Ma\u00df an Fachwissen gestalte ich Ihre Seminare und Inputs: <a rel=\"noreferrer noopener\" href=\"https:\/\/wettich-hauser.de\/index.php\/kontakt\/\" target=\"_blank\">Fragen Sie mich<\/a>!<\/p>\n","protected":false},"excerpt":{"rendered":"<p>Sowohl im Einzel-Coaching als auch in Gruppen Settings tauchen immer wieder Themen auf, die einen Input an Wissen, Konzepten und Methoden erfordern. Manchmal ist es nur ein Auffrischen von fr\u00fcher mal Gelerntem. Manchmal neue moderne Sichtweisen, Kompetenzen und Konzepte. Zielgerichtet, methodisch angemessen und abwechslungsreich gestalte ich diese Inputs f\u00fcr Sie und Ihre Mitarbeiter. Mal spontan, [&hellip;]<\/p>\n","protected":false},"author":2,"featured_media":0,"parent":39,"menu_order":0,"comment_status":"closed","ping_status":"closed","template":"","meta":{"footnotes":""},"class_list":["post-75","page","type-page","status-publish","hentry"],"_links":{"self":[{"href":"https:\/\/wettich-hauser.de\/index.php\/wp-json\/wp\/v2\/pages\/75","targetHints":{"allow":["GET"]}}],"collection":[{"href":"https:\/\/wettich-hauser.de\/index.php\/wp-json\/wp\/v2\/pages"}],"about":[{"href":"https:\/\/wettich-hauser.de\/index.php\/wp-json\/wp\/v2\/types\/page"}],"author":[{"embeddable":true,"href":"https:\/\/wettich-hauser.de\/index.php\/wp-json\/wp\/v2\/users\/2"}],"replies":[{"embeddable":true,"href":"https:\/\/wettich-hauser.de\/index.php\/wp-json\/wp\/v2\/comments?post=75"}],"version-history":[{"count":16,"href":"https:\/\/wettich-hauser.de\/index.php\/wp-json\/wp\/v2\/pages\/75\/revisions"}],"predecessor-version":[{"id":300,"href":"https:\/\/wettich-hauser.de\/index.php\/wp-json\/wp\/v2\/pages\/75\/revisions\/300"}],"up":[{"embeddable":true,"href":"https:\/\/wettich-hauser.de\/index.php\/wp-json\/wp\/v2\/pages\/39"}],"wp:attachment":[{"href":"https:\/\/wettich-hauser.de\/index.php\/wp-json\/wp\/v2\/media?parent=75"}],"curies":[{"name":"wp","href":"https:\/\/api.w.org\/{rel}","templated":true}]}}