{"id":5,"date":"2020-05-06T15:28:35","date_gmt":"2020-05-06T13:28:35","guid":{"rendered":"https:\/\/wettich-hauser.de\/?page_id=5"},"modified":"2023-07-31T18:23:44","modified_gmt":"2023-07-31T16:23:44","slug":"katharina-wettich-hauser","status":"publish","type":"page","link":"https:\/\/wettich-hauser.de\/","title":{"rendered":"Katharina Wettich-Hauser"},"content":{"rendered":"\n<h2 class=\"wp-block-heading\">Coaching, Supervision und Beratung f\u00fcr <br>F\u00fchrungskr\u00e4fte und Praxisanleiter*innen<\/h2>\n\n\n\n<div class=\"wp-block-image\"><figure class=\"alignright size-large is-resized\"><img loading=\"lazy\" decoding=\"async\" src=\"https:\/\/wettich-hauser.de\/wp-content\/uploads\/2020\/05\/2019Titel-e1588774850472.jpg\" alt=\"\" class=\"wp-image-36\" width=\"350\" height=\"484\" srcset=\"https:\/\/wettich-hauser.de\/wp-content\/uploads\/2020\/05\/2019Titel-e1588774850472.jpg 380w, https:\/\/wettich-hauser.de\/wp-content\/uploads\/2020\/05\/2019Titel-e1588774850472-217x300.jpg 217w\" sizes=\"auto, (max-width: 350px) 100vw, 350px\" \/><\/figure><\/div>\n\n\n\n<p><em>Ich habe keine Zeit, meine Axt zu sch\u00e4rfen \u2013 ich muss B\u00e4ume f\u00e4llen. <\/em><br><em>Geht es Ihnen auch so wie Abraham Lincoln?<\/em><\/p>\n\n\n\n<p>Der Konflikt zwischen Ihrem Berufsverst\u00e4ndnis &#8211; Wie m\u00f6chte ich arbeiten? &#8211; und den Anforderungen des Arbeitslebens mit all seinen monet\u00e4ren, gesetzlichen, menschlichen Facetten sind mir wohl bekannt aus meinem eigenen Berufsleben. Dieser Konflikt treibt gleicherma\u00dfen Mitarbeiter, F\u00fchrungskr\u00e4fte, Wissenschaftler, Lehrkr\u00e4fte und Praxisanleiter um.<\/p>\n\n\n\n<p>Mit mir an Ihrer Seite finden Sie L\u00f6sungen f\u00fcr diesen Konflikt zwischen Anspruch und Wirklichkeit, die zu Ihnen passen! &#8211; Authentisch, machbar und nachhaltig!<\/p>\n\n\n\n<p>Weil ich dasselbe erlebt habe!<\/p>\n\n\n\n<p>Arbeitsr\u00e4ume:<\/p>\n\n\n\n<ul class=\"wp-block-list\"><li>Online? Kein Problem! <em>Mein Informatiklehrer in der Oberstufe war ein Sch\u00fcler Konrad Zuse`s.<\/em> Nennen Sie mir Ihre Lieblingsplattform &#8211; ich mache es m\u00f6glich: interaktiv, kreativ, pers\u00f6nlich!<\/li><li>In der Natur? Kein Problem! <em>Als Landwirtstochter und mit eigenem Garten<\/em> k\u00f6nnen Sie mich f\u00fcr ein Einzelsetting oder die Arbeit mit einer Gruppe auch drau\u00dfen buchen! <\/li><li>Der Klassiker? Kein Problem! Auch mit Corona-Abstandregeln und hinter der Maske k\u00f6nnen wir uns in Ihrem Seminarraum treffen! <\/li><\/ul>\n\n\n\n<p><\/p>\n","protected":false},"excerpt":{"rendered":"<p>Coaching, Supervision und Beratung f\u00fcr F\u00fchrungskr\u00e4fte und Praxisanleiter*innen Ich habe keine Zeit, meine Axt zu sch\u00e4rfen \u2013 ich muss B\u00e4ume f\u00e4llen. Geht es Ihnen auch so wie Abraham Lincoln? Der Konflikt zwischen Ihrem Berufsverst\u00e4ndnis &#8211; Wie m\u00f6chte ich arbeiten? &#8211; und den Anforderungen des Arbeitslebens mit all seinen monet\u00e4ren, gesetzlichen, menschlichen Facetten sind mir wohl [&hellip;]<\/p>\n","protected":false},"author":1,"featured_media":0,"parent":0,"menu_order":0,"comment_status":"closed","ping_status":"closed","template":"slider.php","meta":{"footnotes":""},"class_list":["post-5","page","type-page","status-publish","hentry"],"_links":{"self":[{"href":"https:\/\/wettich-hauser.de\/index.php\/wp-json\/wp\/v2\/pages\/5","targetHints":{"allow":["GET"]}}],"collection":[{"href":"https:\/\/wettich-hauser.de\/index.php\/wp-json\/wp\/v2\/pages"}],"about":[{"href":"https:\/\/wettich-hauser.de\/index.php\/wp-json\/wp\/v2\/types\/page"}],"author":[{"embeddable":true,"href":"https:\/\/wettich-hauser.de\/index.php\/wp-json\/wp\/v2\/users\/1"}],"replies":[{"embeddable":true,"href":"https:\/\/wettich-hauser.de\/index.php\/wp-json\/wp\/v2\/comments?post=5"}],"version-history":[{"count":8,"href":"https:\/\/wettich-hauser.de\/index.php\/wp-json\/wp\/v2\/pages\/5\/revisions"}],"predecessor-version":[{"id":237,"href":"https:\/\/wettich-hauser.de\/index.php\/wp-json\/wp\/v2\/pages\/5\/revisions\/237"}],"wp:attachment":[{"href":"https:\/\/wettich-hauser.de\/index.php\/wp-json\/wp\/v2\/media?parent=5"}],"curies":[{"name":"wp","href":"https:\/\/api.w.org\/{rel}","templated":true}]}}