{"id":27,"date":"2020-05-06T16:14:23","date_gmt":"2020-05-06T14:14:23","guid":{"rendered":"https:\/\/wettich-hauser.de\/?page_id=27"},"modified":"2023-08-07T22:48:09","modified_gmt":"2023-08-07T20:48:09","slug":"veroeffentlichungen","status":"publish","type":"page","link":"https:\/\/wettich-hauser.de\/index.php\/ueber-mich\/veroeffentlichungen\/","title":{"rendered":"Ver\u00f6ffentlichungen"},"content":{"rendered":"\n<figure class=\"wp-block-table table-chronicle\"><table><tbody><tr><td>07\/2022<\/td><td>\u201eDie Signale deuten\u201c in Altenpflege-online.net Vincentz Verlag S.34-37<\/td><\/tr><tr><td><br><\/td><td><\/td><\/tr><tr><td>29.03.2022<\/td><td>AltenpflegeKongress Vincentz in K\u00f6ln, Vortrag \u201eSich selbst und andere gesund f\u00fchren \u2013 wie Coachingzirkel F\u00fchrungskr\u00e4fte st\u00e4rken\u201c<\/td><\/tr><tr><td><br><\/td><td><\/td><\/tr><tr><td>17.11.2021<\/td><td>AltenpflegeKongress Vincentz in K\u00f6ln, Vortrag \u201eSich selbst und andere gesund f\u00fchren \u2013 wie Coachingzirkel F\u00fchrungskr\u00e4fte st\u00e4rken\u201c<\/td><\/tr><tr><td><br><\/td><td><\/td><\/tr><tr><td>07.07.2021<\/td><td>Vincentz Altenpflege Die virtuelle Leitmesse 2021, Vortrag \u201eCoachingzirkel f\u00fcr F\u00fchrungskr\u00e4fte st\u00e4rken die Mittlere F\u00fchrungsebene \u2013 Erfahrungen aus Altenpflegeeirichtungen in vier Bundesl\u00e4ndern\u201c www.altenpflege-messe.de<\/td><\/tr><tr><td><br><\/td><td><\/td><\/tr><tr><td>2020<\/td><td>I care Pflege, Thieme-Verlag, Kapitel 54 Pflege bei Hauterkrankungen in dem Lehrbuch f\u00fcr die Krankenpflege-Ausbildung, ISBN 978-3132418325 <span><a href=\"javascript:\"><img decoding=\"async\" identifier=\"978-3132418325\" identifiertype=\"2\" title=\"In Citavi anzeigen\" existsinproject=\"1\" class=\"citavipicker\" style=\"border: 0px none!important;width: 24px!important;height: 16px!important;margin-left:1px !important;margin-right:1px !important;\" src=\"data:image\/svg+xml,%3Csvg id='picker_inserted' xmlns='http:\/\/www.w3.org\/2000\/svg' width='24.802' height='16' viewBox='0 0 24.802 16'%3E%3Cg id='Group_103' data-name='Group 103'%3E%3Cpath id='Path_107' data-name='Path 107' d='M8,15.5A7.5,7.5,0,1,1,15.5,8,7.508,7.508,0,0,1,8,15.5Z' fill='%23fff'\/%3E%3Cpath id='Path_108' data-name='Path 108' d='M8,1A7,7,0,1,1,1,8,7.008,7.008,0,0,1,8,1M8,0a8,8,0,1,0,8,8A8,8,0,0,0,8,0Z' fill='%23d52b1e'\/%3E%3C\/g%3E%3Cpath id='Path_109' data-name='Path 109' d='M6.745,12.589a1.75,1.75,0,0,1-.684.247c-.318,0-.5-.164-.5-.452,0-.207.14-.375.595-.622A4.611,4.611,0,0,0,8.749,8.041c0-.825-.227-1.119-.681-1.119-.135,0-.32.219-.636.219H7.157A1.851,1.851,0,0,1,5.333,5.23a2.091,2.091,0,0,1,2.28-2.006c1.777,0,3.053,1.373,3.053,3.43a6.673,6.673,0,0,1-3.921,5.935' fill='%23d52b1e'\/%3E%3Cg id='Path_1429' data-name='Path 1429' transform='translate(5.445 -2.124)' fill='%235dd95d'%3E%3Cpath d='M 9.249787330627441 17.17169380187988 L 4.762476921081543 12.68437480926514 L 7.214956283569336 10.23189544677734 L 9.015677452087402 12.03262424468994 L 9.369227409362793 12.38618469238281 L 9.722777366638184 12.03262424468994 L 16.32264709472656 5.432744979858398 L 18.65010833740234 7.760213375091553 L 9.249787330627441 17.17169380187988 Z' stroke='none'\/%3E%3Cpath d='M 9.249578475952148 16.46436309814453 L 17.94319725036621 7.760422229766846 L 16.32264709472656 6.139865875244141 L 10.07633686065674 12.38618469238281 L 9.369227409362793 13.09329414367676 L 8.662117004394531 12.38618469238281 L 7.214955806732178 10.93901634216309 L 5.469596385955811 12.68437480926514 L 9.249578475952148 16.46436309814453 M 9.249997138977051 17.87900352478027 L 4.05537748336792 12.68437385559082 L 7.214957237243652 9.524794578552246 L 9.369227409362793 11.67907428741455 L 16.32264709472656 4.725644111633301 L 19.35699653625488 7.76000452041626 L 9.249997138977051 17.87900352478027 Z' stroke='none' fill='%23fff'\/%3E%3C\/g%3E%3C\/svg%3E%0A\"><\/a><\/span><\/td><\/tr><tr><td><br><\/td><td><\/td><\/tr><tr><td>13.02.2020 <\/td><td>2. Fachtagung Gesundheitsf\u00f6rderung und Pr\u00e4vention in der Pflege: St\u00e4rkung der psychischen Gesundheit. Hochschule f\u00fcr Wirtschaft und Gesellschaft Ludwigshafen, Stand bei der Fachausstellung zu Best Practice Angeboten in Gesundheitsf\u00f6rderung und Pr\u00e4vention<\/td><\/tr><tr><td><br><\/td><td><\/td><\/tr><tr><td>21.03.2019<\/td><td>1. Fachtagung Gesundheitsf\u00f6rderung und Pr\u00e4vention in der Pflege. Kultur der Gesundheit und Sicherheit im Pflegeberuf &#8211; Realit\u00e4t oder Vision? &nbsp;Hochschule f\u00fcr Wirtschaft und Gesellschaft Ludwigshafen am Rhein, Stand bei der Fachausstellung zu Best Practice Angeboten in Gesundheitsf\u00f6rderung und Pr\u00e4vention<\/td><\/tr><tr><td><\/td><td><\/td><\/tr><tr><td>12\/2017<\/td><td>Pflegekongress 17 im austria center Wien Postervorstellung: Wirkung eines gesundheitsf\u00f6rdernden Gruppenangebotes durch die Pflege in der Gerontopsychiatrie<\/td><\/tr><tr><td>&nbsp;<\/td><td>&nbsp;<\/td><\/tr><tr><td>09\/2016<\/td><td>International Conference on Communication in Health Care (EACH 2016) Postervorstellung: Effect of a Multimodal Group Therapy Held by Nurses in the Geriatric Psychiatric Ward<\/td><\/tr><tr><td>&nbsp;<\/td><td>&nbsp;<\/td><\/tr><tr><td>2015<\/td><td>I Care Pflege, Thieme-Verlag, Kapitel 54 Pflege bei Hauterkrankungen in dem Lehrbuch f\u00fcr die Krankenpflege-Ausbildung ISBN 978-3-13-165651-3 <span><a href=\"javascript:\"><img decoding=\"async\" identifier=\"978-3-13-165651-3\" identifiertype=\"2\" title=\"Titel anhand dieser ISBN in Citavi-Projekt \u00fcbernehmen\" existsinproject=\"0\" class=\"citavipicker\" style=\"border: 0px none!important;width: 16px!important;height: 16px!important;margin-left:1px !important;margin-right:1px !important;\" src=\"data:image\/svg+xml;base64,PD94bWwgdmVyc2lvbj0iMS4wIiBlbmNvZGluZz0idXRmLTgiPz48IURPQ1RZUEUgc3ZnIFBVQkxJQyAiLS8vVzNDLy9EVEQgU1ZHIDEuMS8vRU4iICJodHRwOi8vd3d3LnczLm9yZy9HcmFwaGljcy9TVkcvMS4xL0RURC9zdmcxMS5kdGQiPjxzdmcgdmVyc2lvbj0iMS4xIiBpZD0iRWJlbmVfMSIgeG1sbnM9Imh0dHA6Ly93d3cudzMub3JnLzIwMDAvc3ZnIiB4bWxuczp4bGluaz0iaHR0cDovL3d3dy53My5vcmcvMTk5OS94bGluayIgeD0iMHB4IiB5PSIwcHgiIHdpZHRoPSIxNnB4IiBoZWlnaHQ9IjE2cHgiIHZpZXdCb3g9IjAgMCAxNiAxNiIgZW5hYmxlLWJhY2tncm91bmQ9Im5ldyAwIDAgMTYgMTYiIHhtbDpzcGFjZT0icHJlc2VydmUiPjxnPjxnPjxwYXRoIGZpbGw9IiNGRkZGRkYiIGQ9Ik04LjAwMSwxNS41QzMuODY0LDE1LjUsMC41LDEyLjEzNiwwLjUsOGMwLTQuMTM1LDMuMzY1LTcuNSw3LjUwMS03LjVTMTUuNSwzLjg2NCwxNS41LDhTMTIuMTM3LDE1LjUsOC4wMDEsMTUuNXoiLz48cGF0aCBmaWxsPSIjRDUyQjFFIiBkPSJNOC4wMDEsMUMxMS44NiwxLDE1LDQuMTQxLDE1LDhzLTMuMTM5LDctNi45OTksN0M0LjE0LDE1LDEsMTEuODU5LDEsOFM0LjE0LDEsOC4wMDEsMSBNOC4wMDEsMEMzLjU4MiwwLDAsMy41ODIsMCw4czMuNTgyLDgsOC4wMDEsOEMxMi40MTgsMTYsMTYsMTIuNDE4LDE2LDhTMTIuNDE4LDAsOC4wMDEsMEw4LjAwMSwweiIvPjwvZz48cGF0aCBmaWxsPSIjRDUyQjFFIiBkPSJNNi43NDUsMTIuNTg5Yy0wLjIyNywwLjEyMi0wLjQ5NywwLjI0Ny0wLjY4NCwwLjI0N2MtMC4zMTgsMC0wLjUwMS0wLjE2NC0wLjUwMS0wLjQ1MmMwLTAuMjA3LDAuMTQtMC4zNzUsMC41OTUtMC42MjJjMS41NDktMC45MDQsMi41OTQtMi4yNzIsMi41OTQtMy43MjFjMC0wLjgyNS0wLjIyNy0xLjExOS0wLjY4MS0xLjExOWMtMC4xMzUsMC0wLjMyLDAuMjE5LTAuNjM2LDAuMjE5SDcuMTU3QzYuMTAyLDcuMTQzLDUuMzMzLDYuMjY0LDUuMzMzLDUuMjNjMC0xLjE1MiwwLjk1OC0yLjAwNiwyLjI4LTIuMDA2YzEuNzc3LDAsMy4wNTMsMS4zNzMsMy4wNTMsMy40M0MxMC42NjYsOS4yMTUsOS4yMDMsMTEuMjcsNi43NDUsMTIuNTg5Ii8+PC9nPjwvc3ZnPg\"><\/a><\/span><\/td><\/tr><tr><td>&nbsp;<\/td><td>&nbsp;<\/td><\/tr><tr><td>06\/2012<\/td><td>Die Schwester Der Pfleger bibliomed Verlag: \u201eErfahrungen mit individuellen naturheilkundlichen Pflegema\u00dfnahmen in einer onkologischen Tagesklinik\u201c&nbsp; (als Co-Autor)<\/td><\/tr><tr><td>&nbsp;<\/td><td>&nbsp;<\/td><\/tr><tr><td>2009<\/td><td>Balsam f\u00fcr Haut und Seele \u2013 Gesundheitsf\u00f6rderung in der Universit\u00e4ts-Hautklinik Heidelberg in: Br\u00fccken bauen, Sammelband des DBfK erschienen im Kohlhammer Verlag<\/td><\/tr><tr><td>&nbsp;<\/td><td>&nbsp;<\/td><\/tr><tr><td>05\/2009<\/td><td>Die Pflegezeitschrift, Kohlhammer Verlag: \u201eVerantwortungsvolles und l\u00f6sungsorientiertes Arbeiten<br>Prim\u00e4re Pflege in Norwegen &#8211; Erfahrungen w\u00e4hrend eines Praktikums\u201c<\/td><\/tr><tr><td>&nbsp;<\/td><td>&nbsp;<\/td><\/tr><tr><td>10\/2007<\/td><td>Jahrestagung der schweizerischen Pflegefachgruppe Dermatologie, Vortrag: \u201eBalsam f\u00fcr Haut und Seele \u2013 Ein Projekt zur Gesundheitsf\u00f6rderung in der Universit\u00e4ts-Hautklinik Heidelberg\u201c<\/td><\/tr><tr><td>&nbsp;<\/td><td>&nbsp;<\/td><\/tr><tr><td>10\/2007<\/td><td>6. Deutscher Kongress f\u00fcr Versorgungsforschung und 2. Nationaler Pr\u00e4ventionskongress in Dresden: Poster Vorstellung<\/td><\/tr><tr><td>&nbsp;<\/td><td>&nbsp;<\/td><\/tr><tr><td>10\/2005<\/td><td>Die Pflegezeitschrift, Kohlhammer Verlag:&nbsp; \u201eEigene Ressourcen neu entdecken\u201c<\/td><\/tr><tr><td>&nbsp;<\/td><td>&nbsp;<\/td><\/tr><tr><td>09\/2005<\/td><td>Int. Konferenz Pflege und Pflegewissenschaft in N\u00fcrnberg, Vortrag:<br>\u201eBalsam f\u00fcr Haut und Seele \u2013 Ein Projekt zur Gesundheitsf\u00f6rderung in der Universit\u00e4ts-Hautklinik Heidelberg\u201c<\/td><\/tr><tr><td><\/td><td><\/td><\/tr><tr><td><\/td><td><\/td><\/tr><tr><td><\/td><td><\/td><\/tr><tr><td><\/td><td><\/td><\/tr><tr><td><\/td><td><\/td><\/tr><tr><td><\/td><td><\/td><\/tr><tr><td><\/td><td><\/td><\/tr><tr><td><\/td><td><\/td><\/tr><tr><td><\/td><td><\/td><\/tr><tr><td><\/td><td><\/td><\/tr><\/tbody><\/table><\/figure>\n","protected":false},"excerpt":{"rendered":"<p>07\/2022 \u201eDie Signale deuten\u201c in Altenpflege-online.net Vincentz Verlag S.34-37 29.03.2022 AltenpflegeKongress Vincentz in K\u00f6ln, Vortrag \u201eSich selbst und andere gesund f\u00fchren \u2013 wie Coachingzirkel F\u00fchrungskr\u00e4fte st\u00e4rken\u201c 17.11.2021 AltenpflegeKongress Vincentz in K\u00f6ln, Vortrag \u201eSich selbst und andere gesund f\u00fchren \u2013 wie Coachingzirkel F\u00fchrungskr\u00e4fte st\u00e4rken\u201c 07.07.2021 Vincentz Altenpflege Die virtuelle Leitmesse 2021, Vortrag \u201eCoachingzirkel f\u00fcr F\u00fchrungskr\u00e4fte st\u00e4rken [&hellip;]<\/p>\n","protected":false},"author":1,"featured_media":0,"parent":19,"menu_order":0,"comment_status":"closed","ping_status":"closed","template":"","meta":{"footnotes":""},"class_list":["post-27","page","type-page","status-publish","hentry"],"_links":{"self":[{"href":"https:\/\/wettich-hauser.de\/index.php\/wp-json\/wp\/v2\/pages\/27","targetHints":{"allow":["GET"]}}],"collection":[{"href":"https:\/\/wettich-hauser.de\/index.php\/wp-json\/wp\/v2\/pages"}],"about":[{"href":"https:\/\/wettich-hauser.de\/index.php\/wp-json\/wp\/v2\/types\/page"}],"author":[{"embeddable":true,"href":"https:\/\/wettich-hauser.de\/index.php\/wp-json\/wp\/v2\/users\/1"}],"replies":[{"embeddable":true,"href":"https:\/\/wettich-hauser.de\/index.php\/wp-json\/wp\/v2\/comments?post=27"}],"version-history":[{"count":6,"href":"https:\/\/wettich-hauser.de\/index.php\/wp-json\/wp\/v2\/pages\/27\/revisions"}],"predecessor-version":[{"id":303,"href":"https:\/\/wettich-hauser.de\/index.php\/wp-json\/wp\/v2\/pages\/27\/revisions\/303"}],"up":[{"embeddable":true,"href":"https:\/\/wettich-hauser.de\/index.php\/wp-json\/wp\/v2\/pages\/19"}],"wp:attachment":[{"href":"https:\/\/wettich-hauser.de\/index.php\/wp-json\/wp\/v2\/media?parent=27"}],"curies":[{"name":"wp","href":"https:\/\/api.w.org\/{rel}","templated":true}]}}