{"id":21,"date":"2020-05-06T16:06:22","date_gmt":"2020-05-06T14:06:22","guid":{"rendered":"https:\/\/wettich-hauser.de\/?page_id=21"},"modified":"2023-07-31T19:15:01","modified_gmt":"2023-07-31T17:15:01","slug":"ausbildung","status":"publish","type":"page","link":"https:\/\/wettich-hauser.de\/index.php\/ueber-mich\/ausbildung\/","title":{"rendered":"Biografie"},"content":{"rendered":"\n<div class=\"wp-block-image\"><figure class=\"alignright size-large is-resized\"><img loading=\"lazy\" decoding=\"async\" src=\"https:\/\/wettich-hauser.de\/wp-content\/uploads\/2023\/07\/P1120558-1024x768.jpg\" alt=\"\" class=\"wp-image-250\" width=\"510\" height=\"383\" srcset=\"https:\/\/wettich-hauser.de\/wp-content\/uploads\/2023\/07\/P1120558-1024x768.jpg 1024w, https:\/\/wettich-hauser.de\/wp-content\/uploads\/2023\/07\/P1120558-300x225.jpg 300w, https:\/\/wettich-hauser.de\/wp-content\/uploads\/2023\/07\/P1120558-768x576.jpg 768w, https:\/\/wettich-hauser.de\/wp-content\/uploads\/2023\/07\/P1120558-1536x1152.jpg 1536w, https:\/\/wettich-hauser.de\/wp-content\/uploads\/2023\/07\/P1120558-2048x1536.jpg 2048w\" sizes=\"auto, (max-width: 510px) 100vw, 510px\" \/><\/figure><\/div>\n\n\n\n<p>Privat bin ich Ehefrau, (Landwirts-)Tochter, &nbsp;kleine Schwester, (Paten-)Tante, beste Freundin, gute Nachbarin, Schwiegertochter und Cousine&nbsp;<br>und auch: G\u00e4rtnerin, S\u00e4ngerin und Wanderin.<\/p>\n\n\n\n<p>Meinen beruflichen Werdegang habe ich als Kinderkrankenschwester begonnen, als Stationsleitung fortgesetzt, mit Leidenschaft mein Team und meine jeweilige Organisation entwickelt.<\/p>\n\n\n\n<p>Dabei immer gern mein Wissen und meine Erfahrung geteilt mit Azubis, Studierenden, Praktikanten.<\/p>\n\n\n\n<p>Meine eigene Weiterentwicklung habe ich nie aus den Augen verloren.<\/p>\n\n\n\n<p>Daher kann ich mich auch so nennen:<\/p>\n\n\n\n<p>Dipl. Pflegewirtin (Wissenschaftlerin mit Schwerpunkt Bildung und Beratung), Mentorin f\u00fcr Pflegeberufe, <a href=\"https:\/\/wettich-hauser.de\/wp-content\/uploads\/2022\/01\/01_wettich_hauser_entspannung_flieder_web.pdf\" target=\"_blank\" rel=\"noreferrer noopener\">Entspannungsp\u00e4dagogin<\/a>, <br>Public Health \u2013 Gesundheitsf\u00f6rderin f\u00fcr Pflegeberufe in der EU, Qualit\u00e4tsbeauftragte, Qualit\u00e4tsmanagerin, <br>L\u00f6sungsorientierte Beraterin und Supervisorin, <a rel=\"noreferrer noopener\" href=\"https:\/\/wettich-hauser.de\/wp-content\/uploads\/2022\/01\/02_wettich_hauser_lego_dunkelblau_web.pdf\" target=\"_blank\">Lego\u00ae Serious Play\u00ae Facilitator<\/a>.<\/p>\n\n\n\n<p>Seit fast 10 Jahren widme ich mich meiner gr\u00f6\u00dften beruflichen Leidenschaft: mit meinen Klienten deren Handlungspielr\u00e4ume herausfinden, f\u00f6rdernde und belastende Faktoren im Arbeitsalltag zu erkennen und mit kreativen Methoden ihren Arbeitsalltag lustvoller, ges\u00fcnder und erfolgreicher zu gestalten!<\/p>\n","protected":false},"excerpt":{"rendered":"<p>Privat bin ich Ehefrau, (Landwirts-)Tochter, &nbsp;kleine Schwester, (Paten-)Tante, beste Freundin, gute Nachbarin, Schwiegertochter und Cousine&nbsp;und auch: G\u00e4rtnerin, S\u00e4ngerin und Wanderin. Meinen beruflichen Werdegang habe ich als Kinderkrankenschwester begonnen, als Stationsleitung fortgesetzt, mit Leidenschaft mein Team und meine jeweilige Organisation entwickelt. Dabei immer gern mein Wissen und meine Erfahrung geteilt mit Azubis, Studierenden, Praktikanten. Meine eigene [&hellip;]<\/p>\n","protected":false},"author":1,"featured_media":0,"parent":19,"menu_order":0,"comment_status":"closed","ping_status":"closed","template":"","meta":{"footnotes":""},"class_list":["post-21","page","type-page","status-publish","hentry"],"_links":{"self":[{"href":"https:\/\/wettich-hauser.de\/index.php\/wp-json\/wp\/v2\/pages\/21","targetHints":{"allow":["GET"]}}],"collection":[{"href":"https:\/\/wettich-hauser.de\/index.php\/wp-json\/wp\/v2\/pages"}],"about":[{"href":"https:\/\/wettich-hauser.de\/index.php\/wp-json\/wp\/v2\/types\/page"}],"author":[{"embeddable":true,"href":"https:\/\/wettich-hauser.de\/index.php\/wp-json\/wp\/v2\/users\/1"}],"replies":[{"embeddable":true,"href":"https:\/\/wettich-hauser.de\/index.php\/wp-json\/wp\/v2\/comments?post=21"}],"version-history":[{"count":12,"href":"https:\/\/wettich-hauser.de\/index.php\/wp-json\/wp\/v2\/pages\/21\/revisions"}],"predecessor-version":[{"id":260,"href":"https:\/\/wettich-hauser.de\/index.php\/wp-json\/wp\/v2\/pages\/21\/revisions\/260"}],"up":[{"embeddable":true,"href":"https:\/\/wettich-hauser.de\/index.php\/wp-json\/wp\/v2\/pages\/19"}],"wp:attachment":[{"href":"https:\/\/wettich-hauser.de\/index.php\/wp-json\/wp\/v2\/media?parent=21"}],"curies":[{"name":"wp","href":"https:\/\/api.w.org\/{rel}","templated":true}]}}