{"id":14,"date":"2020-05-06T15:37:11","date_gmt":"2020-05-06T13:37:11","guid":{"rendered":"https:\/\/wettich-hauser.de\/?page_id=14"},"modified":"2020-05-06T15:39:00","modified_gmt":"2020-05-06T13:39:00","slug":"impressum","status":"publish","type":"page","link":"https:\/\/wettich-hauser.de\/index.php\/impressum\/","title":{"rendered":"Impressum"},"content":{"rendered":"\n<p><strong>Impressum<\/strong><\/p>\n\n\n\n<p><strong>Verantwortlich f\u00fcr diesen Inhalt:<\/strong><\/p>\n\n\n\n<p>Katharina Wettich-Hauser<br>Josef-Werner-Stra\u00dfe 14a<br>69151 Neckargem\u00fcnd<br>Tel. +49176\/51049506 <a href=\"mailto:wettich-hauser@t-online.de\">wettich-hauser@t-online.de<\/a><\/p>\n\n\n\n<p><strong>Inhalt des Webangebots<\/strong><\/p>\n\n\n\n<p>Katharina Wettich-Hauser ist bem\u00fcht, das Webangebot stets aktuell und inhaltlich<br>richtig sowie vollst\u00e4ndig anzubieten. Dennoch ist das Auftreten von<br>Fehlern nicht v\u00f6llig auszuschlie\u00dfen.<br>Katharina Wettich-Hauser \u00fcbernimmt keine Haftung f\u00fcr die Aktualit\u00e4t, die inhaltliche<br>Richtigkeit sowie f\u00fcr die Vollst\u00e4ndigkeit der in ihrem Webangebot<br>eingestellten Informationen, es sei denn die Fehler wurden vors\u00e4tzlich<br>oder grob fahrl\u00e4ssig aufgenommen. Dies bezieht sich auf eventuelle<br>Sch\u00e4den materieller oder ideeller Art Dritter, die durch die Nutzung dieses<br>Webangebotes verursacht wurden.<\/p>\n\n\n\n<p><strong>Copyright<\/strong><\/p>\n\n\n\n<p>Das Layout der Homepage, die verwendeten Grafiken, die Bilder und die<br>Sammlung von einzelnen Beitr\u00e4gen sind urheberrechtlich gesch\u00fctzt.<br>Alle Rechte, auch die der fotomechanischen Wiedergabe, der<br>Vervielf\u00e4ltigung und der Verbreitung mittels besonderer Verfahren (zum<br>Beispiel Datenverarbeitung, Datentr\u00e4ger und Datennetze), auch teilweise,<br>beh\u00e4lt sich Katharina Wettich-Hauser vor.<\/p>\n\n\n\n<p><strong>Einsatz von Cookies<\/strong><\/p>\n\n\n\n<p>In Ausnahmef\u00e4llen werden sog. Session-Cookies eingesetzt, die Daten zur technischen<br>Sitzungssteuerung im Speicher Ihres Browsers ablegen. Diese Daten sind nicht personenbezogen.<br>Des Weiteren weise ich darauf hin, dass in jeder g\u00e4ngigen Browsersoftware i.d.R.<br>Funktionen zur Verwaltung bzw. Deaktivierung von Cookies zur Verf\u00fcgung stehen.<\/p>\n\n\n\n<p><strong>Haftungsausschluss<\/strong><\/p>\n\n\n\n<p>Externe Verweise und Links:<br>Die auf meinen Seiten gelegten Links zu Seiten im Internet liegen f\u00fcr Inhalt und Aktualisierung au\u00dferhalb meines Einflussbereiches. Ich habe keinen Einfluss auf Gestaltung und Inhalt fremder Seiten im Internet, auch wenn ich von meiner Seite daraufhin verlinke. Ich distanziere mich daher von allen fremden Inhalten.<br>Diese Erkl\u00e4rung gilt f\u00fcr alle auf meiner Homepage angezeigten Links<br>und f\u00fcr alle Inhalte der Seiten, zu denen die bei mir angemeldeten<br>Banner und Links f\u00fchren.<\/p>\n\n\n\n<p><strong>Rechtswirksamkeit<\/strong><\/p>\n\n\n\n<p>Dieser Haftungsausschluss ist Teil des Internetangebotes von<br>Katharina Wettich-Hauser. Sofern einzelne Formulierungen oder Teile<br>dieses Textes der geltenden Rechtslage nicht mehr oder nicht mehr<br>vollst\u00e4ndig entsprechen, bleiben die \u00fcbrigen Teile dieser Erkl\u00e4rung davon<br>unber\u00fchrt.<\/p>\n\n\n\n<p><strong>Widerrufsrecht<\/strong><\/p>\n\n\n\n<p>Verbrauchern steht ein gesetzliches Widerrufsrecht zu. Verbraucher ist jede nat\u00fcrliche Person, die ein Rechtsgesch\u00e4ft zu einem Zwecke abschlie\u00dft, der weder ihrer gewerblichen noch ihrer selbst\u00e4ndigen beruflichen T\u00e4tigkeit zugerechnet werden kann (\u00a7 13 BGB).<br><br>WIDERRUFSBELEHRUNG<br>Sie haben das Recht, binnen vierzehn Tagen ohne Angabe von Gr\u00fcnden diesen Vertrag zu widerrufen.<br>Die Widerrufsfrist betr\u00e4gt vierzehn Tage ab dem Tag, an dem Sie oder ein von Ihnen benannter Dritter, der nicht der Bef\u00f6rderer ist, die letzte Ware in Besitz genommen haben bzw. hat.<br>Um Ihr Widerrufsrecht auszu\u00fcben, m\u00fcssen Sie uns (Katharina Wettich-Hauser, Josef-Werner-Stra\u00dfe 14a, 69151 Neckargem\u00fcnd, Mail: wettich-hauser@t-online.de, Telefon: 0176\/51049506) mittels einer eindeutigen Erkl\u00e4rung (z. B. ein mit der Post versandter Brief oder E-Mail) \u00fcber Ihren Entschluss, diesen Vertrag zu widerrufen, informieren.<br><br>Zur Wahrung der Widerrufsfrist reicht es aus, dass Sie die Mitteilung \u00fcber die Aus\u00fcbung des Widerrufsrechts vor Ablauf der Widerrufsfrist absenden.<br><br>Folgen des Widerrufs<br><br>Wenn Sie diesen Vertrag widerrufen, haben wir Ihnen alle Zahlungen, die wir von Ihnen erhalten haben, einschlie\u00dflich der Lieferkosten (mit Ausnahme der zus\u00e4tzlichen Kosten, die sich daraus ergeben, dass Sie eine andere Art der Lieferung als die von uns angebotene, g\u00fcnstigste Standardlieferung gew\u00e4hlt haben), unverz\u00fcglich und sp\u00e4testens binnen vierzehn Tagen ab dem Tag zur\u00fcckzuzahlen, an dem die Mitteilung \u00fcber Ihren Widerruf dieses Vertrags bei uns eingegangen ist. F\u00fcr diese R\u00fcckzahlung verwenden wir dasselbe Zahlungsmittel, das Sie bei der urspr\u00fcnglichen Transaktion eingesetzt haben, es sei denn, mit Ihnen wurde ausdr\u00fccklich etwas anderes vereinbart; in keinem Fall werden Ihnen wegen dieser R\u00fcckzahlung Entgelte berechnet.<br>Wir k\u00f6nnen die R\u00fcckzahlung verweigern, bis wir die Waren wieder zur\u00fcckerhalten haben oder bis Sie den Nachweis erbracht haben, dass Sie die Waren zur\u00fcckgesandt haben, je nachdem, welches der fr\u00fchere Zeitpunkt ist.<br>Sie haben die Waren unverz\u00fcglich und in jedem Fall sp\u00e4testens binnen vierzehn Tagen ab dem Tag, an dem Sie uns \u00fcber den Widerruf dieses Vertrags unterrichten, an uns zur\u00fcckzusenden oder zu \u00fcbergeben. Die Frist ist gewahrt, wenn Sie die Waren vor Ablauf der Frist von vierzehn Tagen absenden.<br>Sie tragen die unmittelbaren Kosten der R\u00fccksendung der Waren.<br>Sie m\u00fcssen f\u00fcr einen etwaigen Wertverlust der Waren nur aufkommen, wenn dieser Wertverlust auf einen zur Pr\u00fcfung der Beschaffenheit, Eigenschaften und Funktionsweise der Waren nicht notwendigen Umgang mit ihnen zur\u00fcckzuf\u00fchren ist.<br>Sie k\u00f6nnen alle Produkte zur Erstattung zur\u00fccksenden, sofern die Ware vollst\u00e4ndig ist und sich in ungebrauchtem und unbesch\u00e4digtem Zustand befindet. Eingeschwei\u00dfte und\/oder versiegelte Datentr\u00e4ger k\u00f6nnen wir nur in der unge\u00f6ffneten Einschwei\u00dffolie bzw. mit unbesch\u00e4digtem Siegel zur\u00fccknehmen.<\/p>\n\n\n\n<p><strong>Versandbedingungen<\/strong><\/p>\n\n\n\n<p>Versandkosten innerhalb Deutschlands sind wie folgt gestaffelt:<br>0 bis 499 Gramm (inklusive Verpackung) 1,45 EUR<br>500 bis 999 Gramm (inklusive Verpackung) 2,50 EUR<br>1000 bis 1999 Gramm (inklusive Verpackung) 4,10 EUR<br>Ab einem Bestellwert von 20,- EUR entfallen die Versandkosten.<br><br>Versandkosten innerhalb Europas:<br>Es gelten die Portokosten der Deutschen Post<br>z.B.: 0 bis 499 Gramm (inklusive Verpackung) 3,45 EUR<\/p>\n\n\n\n<p><strong>Datenschutz<\/strong><\/p>\n\n\n\n<p>Sofern innerhalb des Internetangebotes die M\u00f6glichkeit der Eingabe von<br>pers\u00f6nlichen Daten (E-Mail-Adresse, Namen, Anschriften) besteht, erfolgt<br>diese freiwillig. Der Nutzer erkl\u00e4rt mit der Angabe die Einwilligung zur<br>Erhebung. Katharina Wettich-Hauser erkl\u00e4rt ausdr\u00fccklich, dass sie diese Daten nicht an<br>Dritte weitergibt. Lesen Sie auch die <a href=\"https:\/\/wettich-hauser.de\/wp-content\/uploads\/2020\/05\/datenschutzerklaerung.pdf\">Datenschutzerkl\u00e4rung<\/a>.<\/p>\n\n\n\n<p><strong>Web-Entwicklung &amp; Web-Design<\/strong><\/p>\n\n\n\n<p>Tristan Wettich: <a href=\"mailto:tw3ttich@googlemail.com\">tristan@katharinawettich-gnwmr36mmy.live-website.com<\/a><\/p>\n\n\n\n<p><strong>Design&nbsp;&nbsp;&nbsp;<\/strong><\/p>\n\n\n\n<p>Christian Haidacher: <a href=\"http:\/\/www.christian-haidacher.de\/info.htm\" target=\"_blank\" rel=\"noreferrer noopener\">http:\/\/www.christian-haidacher.de\/info.htm<\/a><\/p>\n\n\n\n<p><strong>Fotos<\/strong><\/p>\n\n\n\n<p>Nina Reuter: <a href=\"http:\/\/www.picture-for-you.com\/\" target=\"_blank\" rel=\"noreferrer noopener\">http:\/\/www.picture-for-you.com<\/a><\/p>\n\n\n\n<p>\u00a9 Copyright 2015-2019, Wettich-Hauser<\/p>\n","protected":false},"excerpt":{"rendered":"<p>Impressum Verantwortlich f\u00fcr diesen Inhalt: Katharina Wettich-HauserJosef-Werner-Stra\u00dfe 14a69151 Neckargem\u00fcndTel. +49176\/51049506 wettich-hauser@t-online.de Inhalt des Webangebots Katharina Wettich-Hauser ist bem\u00fcht, das Webangebot stets aktuell und inhaltlichrichtig sowie vollst\u00e4ndig anzubieten. Dennoch ist das Auftreten vonFehlern nicht v\u00f6llig auszuschlie\u00dfen.Katharina Wettich-Hauser \u00fcbernimmt keine Haftung f\u00fcr die Aktualit\u00e4t, die inhaltlicheRichtigkeit sowie f\u00fcr die Vollst\u00e4ndigkeit der in ihrem Webangeboteingestellten Informationen, es sei [&hellip;]<\/p>\n","protected":false},"author":1,"featured_media":0,"parent":0,"menu_order":0,"comment_status":"closed","ping_status":"closed","template":"","meta":{"footnotes":""},"class_list":["post-14","page","type-page","status-publish","hentry"],"_links":{"self":[{"href":"https:\/\/wettich-hauser.de\/index.php\/wp-json\/wp\/v2\/pages\/14","targetHints":{"allow":["GET"]}}],"collection":[{"href":"https:\/\/wettich-hauser.de\/index.php\/wp-json\/wp\/v2\/pages"}],"about":[{"href":"https:\/\/wettich-hauser.de\/index.php\/wp-json\/wp\/v2\/types\/page"}],"author":[{"embeddable":true,"href":"https:\/\/wettich-hauser.de\/index.php\/wp-json\/wp\/v2\/users\/1"}],"replies":[{"embeddable":true,"href":"https:\/\/wettich-hauser.de\/index.php\/wp-json\/wp\/v2\/comments?post=14"}],"version-history":[{"count":2,"href":"https:\/\/wettich-hauser.de\/index.php\/wp-json\/wp\/v2\/pages\/14\/revisions"}],"predecessor-version":[{"id":17,"href":"https:\/\/wettich-hauser.de\/index.php\/wp-json\/wp\/v2\/pages\/14\/revisions\/17"}],"wp:attachment":[{"href":"https:\/\/wettich-hauser.de\/index.php\/wp-json\/wp\/v2\/media?parent=14"}],"curies":[{"name":"wp","href":"https:\/\/api.w.org\/{rel}","templated":true}]}}